{"id":36,"date":"2016-08-29T21:53:03","date_gmt":"2016-08-29T21:53:03","guid":{"rendered":"http:\/\/cicparaguay.org\/cic\/?page_id=36"},"modified":"2016-08-30T10:18:15","modified_gmt":"2016-08-30T10:18:15","slug":"donde-estamos","status":"publish","type":"page","link":"https:\/\/cicparaguay.org\/cic\/donde-estamos\/","title":{"rendered":"D\u00f3nde estamos"},"content":{"rendered":"<p>La Congregaci\u00f3n desde su origen fue misionera, actualmente estamos trabajando en cuatro Continentes.<\/p>\n<p>EUROPA: Espa\u00f1a, Italia, Francia<\/p>\n<p>ASIA: Filipinas<\/p>\n<p>AFRICA: Benin, Senegal, Burkina Fasso, Guinea Bissau, R. D. Congo, Gab\u00f3n<\/p>\n<p>AMERICA: Argentina, Uruguay, Brasil (San Pablo-Matto Grosso), Paraguay, Bolivia, Venezuela, Hait\u00ed.<\/p>\n<p>Las hermanas y hermanos estamos llamados a vivir EL <strong>SOLO DIOS<\/strong>, al servicio de la vida amenazada, convocados a\u00a0 <strong><em>\u201cIr donde la voz del pobre nos llama\u201d<\/em><\/strong>, seg\u00fan el deseo de Santa Emilie de Villeneuve.<\/p>\n","protected":false},"excerpt":{"rendered":"<p>La Congregaci\u00f3n desde su origen fue misionera, actualmente estamos trabajando en cuatro Continentes. EUROPA: Espa\u00f1a, Italia, Francia ASIA: Filipinas AFRICA: Benin, Senegal, Burkina Fasso, Guinea Bissau, R. D. Congo, Gab\u00f3n AMERICA: Argentina, Uruguay, Brasil (San Pablo-Matto Grosso), Paraguay, Bolivia, Venezuela, Hait\u00ed. Las hermanas y hermanos estamos llamados a vivir EL SOLO DIOS, al servicio de<a href=\"https:\/\/cicparaguay.org\/cic\/donde-estamos\/\">[&#8230;]<\/a><\/p>\n","protected":false},"author":1,"featured_media":0,"parent":0,"menu_order":0,"comment_status":"closed","ping_status":"closed","template":"","meta":[],"wppr_data":[],"_links":{"self":[{"href":"https:\/\/cicparaguay.org\/cic\/wp-json\/wp\/v2\/pages\/36"}],"collection":[{"href":"https:\/\/cicparaguay.org\/cic\/wp-json\/wp\/v2\/pages"}],"about":[{"href":"https:\/\/cicparaguay.org\/cic\/wp-json\/wp\/v2\/types\/page"}],"author":[{"embeddable":true,"href":"https:\/\/cicparaguay.org\/cic\/wp-json\/wp\/v2\/users\/1"}],"replies":[{"embeddable":true,"href":"https:\/\/cicparaguay.org\/cic\/wp-json\/wp\/v2\/comments?post=36"}],"version-history":[{"count":2,"href":"https:\/\/cicparaguay.org\/cic\/wp-json\/wp\/v2\/pages\/36\/revisions"}],"predecessor-version":[{"id":60,"href":"https:\/\/cicparaguay.org\/cic\/wp-json\/wp\/v2\/pages\/36\/revisions\/60"}],"wp:attachment":[{"href":"https:\/\/cicparaguay.org\/cic\/wp-json\/wp\/v2\/media?parent=36"}],"curies":[{"name":"wp","href":"https:\/\/api.w.org\/{rel}","templated":true}]}}