{"id":34,"date":"2016-08-29T21:52:02","date_gmt":"2016-08-29T21:52:02","guid":{"rendered":"http:\/\/cicparaguay.org\/cic\/?page_id=34"},"modified":"2016-08-31T19:07:29","modified_gmt":"2016-08-31T19:07:29","slug":"quienes-somos","status":"publish","type":"page","link":"https:\/\/cicparaguay.org\/cic\/quienes-somos\/","title":{"rendered":"Qui\u00e9nes somos"},"content":{"rendered":"<p>Hermanas y hermanos de Nuestra Se\u00f1ora de la Inmaculada Concepci\u00f3n de Castres (Azules) fundada en Castres- Francia, el 8 de diciembre de 1836 por Santa Emilie de Villeneuve.<br \/>\nLa fundadora fue beatificada el 5 de julio de 2009 en Francia, y canonizada el 17 mayo del 2015 por el Papa Francisco, S. J., de nombre secular Jorge Mario Bergoglio, en Roma.<\/p>\n<p><strong>Por nuestra Espiritualidad y Carisma, pertenecemos a:<\/strong><\/p>\n<ul>\n<li>S\u00f3lo Dios que nos llam\u00f3 a trabajar en los \u201cdesignios de amor que \u00c9l tiene para los pueblos\u201d.<\/li>\n<li>\u201cJes\u00fas Salvador, con quien hemos contra\u00eddo la obligaci\u00f3n m\u00e1s estricta de vivir su vida\u201d.<\/li>\n<li>La Iglesia desde nuestro Bautismo y por nuestra profesi\u00f3n religiosa.<\/li>\n<li>\u201cLos pobres y miembros sufrientes de Jesucristo\u201d, por el Carisma que el Esp\u00edritu inspir\u00f3 a Santa Emilie de Villeneuve. (Constituciones Cap. I, n\u00b0 2)<\/li>\n<\/ul>\n<p>Somos una familia de coraz\u00f3n grande donde hermanas, hermanos y laicos buscamos vivir el proyecto de Jes\u00fas Salvador, teniendo a Mar\u00eda Inmaculada como Modelo en el seguimiento de su Hijo.<\/p>\n<p>Emilie nos anima a: \u201c<em>Vivir de la vida de Jes\u00fas Salvador<\/em>\u201d.<\/p>\n<p><strong>Estamos llamados a:<\/strong><br \/>\n&#8211; Vivir la centralidad del S\u00f3lo Dios.<br \/>\n&#8211; La b\u00fasqueda constante de su Voluntad.<br \/>\n&#8211; Ser testigos de Jes\u00fas Salvador.<br \/>\n&#8211; Estar al servicio de la Evangelizaci\u00f3n en una opci\u00f3n preferencial por los m\u00e1s vulnerables.<br \/>\n&#8211; Vivir desde comunidades fraternas, teniendo a Mar\u00eda Inmaculada como Modelo.<br \/>\n&#8211; Compartir la vida con laicos y hermanos religiosos (hnos. azules) dedicados a la:<\/p>\n<p style=\"padding-left: 30px;\">\u2022 Pastoral parroquial, barrios y sectores populares.<br \/>\n\u2022 Educaci\u00f3n sistem\u00e1tica y asistem\u00e1tica con proyecci\u00f3n comunitaria.<br \/>\n\u2022 Pastoral de la Salud preventiva y alternativa.<\/p>\n<p>&#8211; Y los Hermanos Azules, a prestar servicios en el Ministerio Sacerdotal.<\/p>\n","protected":false},"excerpt":{"rendered":"<p>Hermanas y hermanos de Nuestra Se\u00f1ora de la Inmaculada Concepci\u00f3n de Castres (Azules) fundada en Castres- Francia, el 8 de diciembre de 1836 por Santa Emilie de Villeneuve. La fundadora fue beatificada el 5 de julio de 2009 en Francia, y canonizada el 17 mayo del 2015 por el Papa Francisco, S. J., de nombre<a href=\"https:\/\/cicparaguay.org\/cic\/quienes-somos\/\">[&#8230;]<\/a><\/p>\n","protected":false},"author":1,"featured_media":0,"parent":0,"menu_order":0,"comment_status":"closed","ping_status":"closed","template":"","meta":[],"wppr_data":[],"_links":{"self":[{"href":"https:\/\/cicparaguay.org\/cic\/wp-json\/wp\/v2\/pages\/34"}],"collection":[{"href":"https:\/\/cicparaguay.org\/cic\/wp-json\/wp\/v2\/pages"}],"about":[{"href":"https:\/\/cicparaguay.org\/cic\/wp-json\/wp\/v2\/types\/page"}],"author":[{"embeddable":true,"href":"https:\/\/cicparaguay.org\/cic\/wp-json\/wp\/v2\/users\/1"}],"replies":[{"embeddable":true,"href":"https:\/\/cicparaguay.org\/cic\/wp-json\/wp\/v2\/comments?post=34"}],"version-history":[{"count":4,"href":"https:\/\/cicparaguay.org\/cic\/wp-json\/wp\/v2\/pages\/34\/revisions"}],"predecessor-version":[{"id":63,"href":"https:\/\/cicparaguay.org\/cic\/wp-json\/wp\/v2\/pages\/34\/revisions\/63"}],"wp:attachment":[{"href":"https:\/\/cicparaguay.org\/cic\/wp-json\/wp\/v2\/media?parent=34"}],"curies":[{"name":"wp","href":"https:\/\/api.w.org\/{rel}","templated":true}]}}