{"id":166,"date":"2016-11-22T11:28:56","date_gmt":"2016-11-22T11:28:56","guid":{"rendered":"http:\/\/cicparaguay.org\/cic\/?page_id=166"},"modified":"2017-06-08T13:47:47","modified_gmt":"2017-06-08T13:47:47","slug":"25-leguas-irala-fernandez-chaco","status":"publish","type":"page","link":"https:\/\/cicparaguay.org\/cic\/25-leguas-irala-fernandez-chaco\/","title":{"rendered":"25 Leguas &#8211; Irala Fern\u00e1ndez (Chaco)"},"content":{"rendered":"<p><strong>Apertura:<\/strong> 11 de febrero de 1987<\/p>\n<p><strong>Circunstancias<\/strong>: queriendo dar respuesta al llamado de la Iglesia a favor de los m\u00e1s excluidos y aprovechando los 150 a\u00f1os de la fundaci\u00f3n de la Congregaci\u00f3n, la Provincia opt\u00f3 por realizar una fundaci\u00f3n en un lugar apartado, en especial donde la Evangelizaci\u00f3n era poco accesible. Se opt\u00f3 en aceptar el pedido que hiciera a la Congregaci\u00f3n Monse\u00f1or Lucio Alfert, \u00a0que las hermanas se ocuparan de evangelizar 25 Leguas, Tte. Irala Fern\u00e1ndez, trabajando\u00a0 con los padres Oblatos de Mar\u00eda Inmaculada (OMI).<\/p>\n<p><strong>Fundadoras:<\/strong><\/p>\n<p>Hna. Bernarda Ag\u00fcero<\/p>\n<p>Hna. Edith Mar\u00eda Escobar<\/p>\n<p>Hna. Norberta Ma. Valdez<\/p>\n<p>Hna. \u00a0Mar\u00eda Elizabeth Rojas<\/p>\n<p><strong>Primer apostolado:<\/strong><\/p>\n<ul>\n<li>Misi\u00f3n itinerante<\/li>\n<li>Evangelizaci\u00f3n en los barrios Rosa M\u00edstica y La Piedad<\/li>\n<li>Catequesis<\/li>\n<li>Obras Parroquiales<\/li>\n<\/ul>\n<div id='gallery-1' class='gallery galleryid-166 gallery-columns-3 gallery-size-thumbnail'><figure class='gallery-item'>\n\t\t\t<div class='gallery-icon landscape'>\n\t\t\t\t<a href='https:\/\/cicparaguay.org\/cic\/25-leguas-irala-fernandez-chaco\/img-20170601-wa0019\/'><img width=\"150\" height=\"150\" src=\"https:\/\/cicparaguay.org\/cic\/wp-content\/uploads\/2016\/11\/IMG-20170601-WA0019-150x150.jpg\" class=\"attachment-thumbnail size-thumbnail\" alt=\"\" loading=\"lazy\" srcset=\"https:\/\/cicparaguay.org\/cic\/wp-content\/uploads\/2016\/11\/IMG-20170601-WA0019-150x150.jpg 150w, https:\/\/cicparaguay.org\/cic\/wp-content\/uploads\/2016\/11\/IMG-20170601-WA0019-73x73.jpg 73w, https:\/\/cicparaguay.org\/cic\/wp-content\/uploads\/2016\/11\/IMG-20170601-WA0019-174x174.jpg 174w, https:\/\/cicparaguay.org\/cic\/wp-content\/uploads\/2016\/11\/IMG-20170601-WA0019-250x250.jpg 250w\" sizes=\"(max-width: 150px) 100vw, 150px\" \/><\/a>\n\t\t\t<\/div><\/figure><figure class='gallery-item'>\n\t\t\t<div class='gallery-icon landscape'>\n\t\t\t\t<a href='https:\/\/cicparaguay.org\/cic\/25-leguas-irala-fernandez-chaco\/img-20170601-wa0021\/'><img width=\"150\" height=\"150\" src=\"https:\/\/cicparaguay.org\/cic\/wp-content\/uploads\/2016\/11\/IMG-20170601-WA0021-150x150.jpg\" class=\"attachment-thumbnail size-thumbnail\" alt=\"\" loading=\"lazy\" srcset=\"https:\/\/cicparaguay.org\/cic\/wp-content\/uploads\/2016\/11\/IMG-20170601-WA0021-150x150.jpg 150w, https:\/\/cicparaguay.org\/cic\/wp-content\/uploads\/2016\/11\/IMG-20170601-WA0021-73x73.jpg 73w, https:\/\/cicparaguay.org\/cic\/wp-content\/uploads\/2016\/11\/IMG-20170601-WA0021-174x174.jpg 174w, https:\/\/cicparaguay.org\/cic\/wp-content\/uploads\/2016\/11\/IMG-20170601-WA0021-250x250.jpg 250w\" sizes=\"(max-width: 150px) 100vw, 150px\" \/><\/a>\n\t\t\t<\/div><\/figure><figure class='gallery-item'>\n\t\t\t<div class='gallery-icon landscape'>\n\t\t\t\t<a href='https:\/\/cicparaguay.org\/cic\/25-leguas-irala-fernandez-chaco\/img-20170601-wa0023\/'><img width=\"150\" height=\"150\" src=\"https:\/\/cicparaguay.org\/cic\/wp-content\/uploads\/2016\/11\/IMG-20170601-WA0023-150x150.jpg\" class=\"attachment-thumbnail size-thumbnail\" alt=\"\" loading=\"lazy\" srcset=\"https:\/\/cicparaguay.org\/cic\/wp-content\/uploads\/2016\/11\/IMG-20170601-WA0023-150x150.jpg 150w, https:\/\/cicparaguay.org\/cic\/wp-content\/uploads\/2016\/11\/IMG-20170601-WA0023-73x73.jpg 73w, https:\/\/cicparaguay.org\/cic\/wp-content\/uploads\/2016\/11\/IMG-20170601-WA0023-174x174.jpg 174w, https:\/\/cicparaguay.org\/cic\/wp-content\/uploads\/2016\/11\/IMG-20170601-WA0023-250x250.jpg 250w\" sizes=\"(max-width: 150px) 100vw, 150px\" \/><\/a>\n\t\t\t<\/div><\/figure><figure class='gallery-item'>\n\t\t\t<div class='gallery-icon landscape'>\n\t\t\t\t<a href='https:\/\/cicparaguay.org\/cic\/25-leguas-irala-fernandez-chaco\/img-20170601-wa0024\/'><img width=\"150\" height=\"150\" src=\"https:\/\/cicparaguay.org\/cic\/wp-content\/uploads\/2016\/11\/IMG-20170601-WA0024-150x150.jpg\" class=\"attachment-thumbnail size-thumbnail\" alt=\"\" loading=\"lazy\" srcset=\"https:\/\/cicparaguay.org\/cic\/wp-content\/uploads\/2016\/11\/IMG-20170601-WA0024-150x150.jpg 150w, https:\/\/cicparaguay.org\/cic\/wp-content\/uploads\/2016\/11\/IMG-20170601-WA0024-73x73.jpg 73w, https:\/\/cicparaguay.org\/cic\/wp-content\/uploads\/2016\/11\/IMG-20170601-WA0024-174x174.jpg 174w, https:\/\/cicparaguay.org\/cic\/wp-content\/uploads\/2016\/11\/IMG-20170601-WA0024-250x250.jpg 250w\" sizes=\"(max-width: 150px) 100vw, 150px\" \/><\/a>\n\t\t\t<\/div><\/figure><figure class='gallery-item'>\n\t\t\t<div class='gallery-icon landscape'>\n\t\t\t\t<a href='https:\/\/cicparaguay.org\/cic\/25-leguas-irala-fernandez-chaco\/img-20170601-wa0026\/'><img width=\"150\" height=\"150\" src=\"https:\/\/cicparaguay.org\/cic\/wp-content\/uploads\/2016\/11\/IMG-20170601-WA0026-150x150.jpg\" class=\"attachment-thumbnail size-thumbnail\" alt=\"\" loading=\"lazy\" srcset=\"https:\/\/cicparaguay.org\/cic\/wp-content\/uploads\/2016\/11\/IMG-20170601-WA0026-150x150.jpg 150w, https:\/\/cicparaguay.org\/cic\/wp-content\/uploads\/2016\/11\/IMG-20170601-WA0026-73x73.jpg 73w, https:\/\/cicparaguay.org\/cic\/wp-content\/uploads\/2016\/11\/IMG-20170601-WA0026-174x174.jpg 174w, https:\/\/cicparaguay.org\/cic\/wp-content\/uploads\/2016\/11\/IMG-20170601-WA0026-250x250.jpg 250w\" sizes=\"(max-width: 150px) 100vw, 150px\" \/><\/a>\n\t\t\t<\/div><\/figure><figure class='gallery-item'>\n\t\t\t<div class='gallery-icon landscape'>\n\t\t\t\t<a href='https:\/\/cicparaguay.org\/cic\/25-leguas-irala-fernandez-chaco\/img-20170601-wa0032\/'><img width=\"150\" height=\"150\" src=\"https:\/\/cicparaguay.org\/cic\/wp-content\/uploads\/2016\/11\/IMG-20170601-WA0032-150x150.jpg\" class=\"attachment-thumbnail size-thumbnail\" alt=\"\" loading=\"lazy\" srcset=\"https:\/\/cicparaguay.org\/cic\/wp-content\/uploads\/2016\/11\/IMG-20170601-WA0032-150x150.jpg 150w, https:\/\/cicparaguay.org\/cic\/wp-content\/uploads\/2016\/11\/IMG-20170601-WA0032-73x73.jpg 73w, https:\/\/cicparaguay.org\/cic\/wp-content\/uploads\/2016\/11\/IMG-20170601-WA0032-174x174.jpg 174w, https:\/\/cicparaguay.org\/cic\/wp-content\/uploads\/2016\/11\/IMG-20170601-WA0032-250x250.jpg 250w\" sizes=\"(max-width: 150px) 100vw, 150px\" \/><\/a>\n\t\t\t<\/div><\/figure><figure class='gallery-item'>\n\t\t\t<div class='gallery-icon landscape'>\n\t\t\t\t<a href='https:\/\/cicparaguay.org\/cic\/25-leguas-irala-fernandez-chaco\/img-20170601-wa0033\/'><img width=\"150\" height=\"150\" src=\"https:\/\/cicparaguay.org\/cic\/wp-content\/uploads\/2016\/11\/IMG-20170601-WA0033-150x150.jpg\" class=\"attachment-thumbnail size-thumbnail\" alt=\"\" loading=\"lazy\" srcset=\"https:\/\/cicparaguay.org\/cic\/wp-content\/uploads\/2016\/11\/IMG-20170601-WA0033-150x150.jpg 150w, https:\/\/cicparaguay.org\/cic\/wp-content\/uploads\/2016\/11\/IMG-20170601-WA0033-300x300.jpg 300w, https:\/\/cicparaguay.org\/cic\/wp-content\/uploads\/2016\/11\/IMG-20170601-WA0033-73x73.jpg 73w, https:\/\/cicparaguay.org\/cic\/wp-content\/uploads\/2016\/11\/IMG-20170601-WA0033-174x174.jpg 174w, https:\/\/cicparaguay.org\/cic\/wp-content\/uploads\/2016\/11\/IMG-20170601-WA0033-250x250.jpg 250w, https:\/\/cicparaguay.org\/cic\/wp-content\/uploads\/2016\/11\/IMG-20170601-WA0033-50x50.jpg 50w, https:\/\/cicparaguay.org\/cic\/wp-content\/uploads\/2016\/11\/IMG-20170601-WA0033.jpg 720w\" sizes=\"(max-width: 150px) 100vw, 150px\" \/><\/a>\n\t\t\t<\/div><\/figure><figure class='gallery-item'>\n\t\t\t<div class='gallery-icon landscape'>\n\t\t\t\t<a href='https:\/\/cicparaguay.org\/cic\/25-leguas-irala-fernandez-chaco\/img-20170601-wa0034\/'><img width=\"150\" height=\"150\" src=\"https:\/\/cicparaguay.org\/cic\/wp-content\/uploads\/2016\/11\/IMG-20170601-WA0034-150x150.jpg\" class=\"attachment-thumbnail size-thumbnail\" alt=\"\" loading=\"lazy\" srcset=\"https:\/\/cicparaguay.org\/cic\/wp-content\/uploads\/2016\/11\/IMG-20170601-WA0034-150x150.jpg 150w, https:\/\/cicparaguay.org\/cic\/wp-content\/uploads\/2016\/11\/IMG-20170601-WA0034-73x73.jpg 73w, https:\/\/cicparaguay.org\/cic\/wp-content\/uploads\/2016\/11\/IMG-20170601-WA0034-174x174.jpg 174w, https:\/\/cicparaguay.org\/cic\/wp-content\/uploads\/2016\/11\/IMG-20170601-WA0034-250x250.jpg 250w\" sizes=\"(max-width: 150px) 100vw, 150px\" \/><\/a>\n\t\t\t<\/div><\/figure><figure class='gallery-item'>\n\t\t\t<div class='gallery-icon landscape'>\n\t\t\t\t<a href='https:\/\/cicparaguay.org\/cic\/25-leguas-irala-fernandez-chaco\/img-20170601-wa0035\/'><img width=\"150\" height=\"150\" src=\"https:\/\/cicparaguay.org\/cic\/wp-content\/uploads\/2016\/11\/IMG-20170601-WA0035-150x150.jpg\" class=\"attachment-thumbnail size-thumbnail\" alt=\"\" loading=\"lazy\" srcset=\"https:\/\/cicparaguay.org\/cic\/wp-content\/uploads\/2016\/11\/IMG-20170601-WA0035-150x150.jpg 150w, https:\/\/cicparaguay.org\/cic\/wp-content\/uploads\/2016\/11\/IMG-20170601-WA0035-73x73.jpg 73w, https:\/\/cicparaguay.org\/cic\/wp-content\/uploads\/2016\/11\/IMG-20170601-WA0035-174x174.jpg 174w, https:\/\/cicparaguay.org\/cic\/wp-content\/uploads\/2016\/11\/IMG-20170601-WA0035-250x250.jpg 250w\" sizes=\"(max-width: 150px) 100vw, 150px\" \/><\/a>\n\t\t\t<\/div><\/figure><figure class='gallery-item'>\n\t\t\t<div class='gallery-icon landscape'>\n\t\t\t\t<a href='https:\/\/cicparaguay.org\/cic\/25-leguas-irala-fernandez-chaco\/img-20170601-wa0036\/'><img width=\"150\" height=\"150\" src=\"https:\/\/cicparaguay.org\/cic\/wp-content\/uploads\/2016\/11\/IMG-20170601-WA0036-150x150.jpg\" class=\"attachment-thumbnail size-thumbnail\" alt=\"\" loading=\"lazy\" srcset=\"https:\/\/cicparaguay.org\/cic\/wp-content\/uploads\/2016\/11\/IMG-20170601-WA0036-150x150.jpg 150w, https:\/\/cicparaguay.org\/cic\/wp-content\/uploads\/2016\/11\/IMG-20170601-WA0036-73x73.jpg 73w, https:\/\/cicparaguay.org\/cic\/wp-content\/uploads\/2016\/11\/IMG-20170601-WA0036-174x174.jpg 174w\" sizes=\"(max-width: 150px) 100vw, 150px\" \/><\/a>\n\t\t\t<\/div><\/figure><figure class='gallery-item'>\n\t\t\t<div class='gallery-icon landscape'>\n\t\t\t\t<a href='https:\/\/cicparaguay.org\/cic\/25-leguas-irala-fernandez-chaco\/img-20170601-wa0037\/'><img width=\"150\" height=\"150\" src=\"https:\/\/cicparaguay.org\/cic\/wp-content\/uploads\/2016\/11\/IMG-20170601-WA0037-150x150.jpg\" class=\"attachment-thumbnail size-thumbnail\" alt=\"\" loading=\"lazy\" srcset=\"https:\/\/cicparaguay.org\/cic\/wp-content\/uploads\/2016\/11\/IMG-20170601-WA0037-150x150.jpg 150w, https:\/\/cicparaguay.org\/cic\/wp-content\/uploads\/2016\/11\/IMG-20170601-WA0037-300x300.jpg 300w, https:\/\/cicparaguay.org\/cic\/wp-content\/uploads\/2016\/11\/IMG-20170601-WA0037-73x73.jpg 73w, https:\/\/cicparaguay.org\/cic\/wp-content\/uploads\/2016\/11\/IMG-20170601-WA0037-174x174.jpg 174w, https:\/\/cicparaguay.org\/cic\/wp-content\/uploads\/2016\/11\/IMG-20170601-WA0037-250x250.jpg 250w, https:\/\/cicparaguay.org\/cic\/wp-content\/uploads\/2016\/11\/IMG-20170601-WA0037-50x50.jpg 50w, https:\/\/cicparaguay.org\/cic\/wp-content\/uploads\/2016\/11\/IMG-20170601-WA0037.jpg 720w\" sizes=\"(max-width: 150px) 100vw, 150px\" \/><\/a>\n\t\t\t<\/div><\/figure><figure class='gallery-item'>\n\t\t\t<div class='gallery-icon portrait'>\n\t\t\t\t<a href='https:\/\/cicparaguay.org\/cic\/25-leguas-irala-fernandez-chaco\/img-20170601-wa0038\/'><img width=\"150\" height=\"150\" src=\"https:\/\/cicparaguay.org\/cic\/wp-content\/uploads\/2016\/11\/IMG-20170601-WA0038-150x150.jpg\" class=\"attachment-thumbnail size-thumbnail\" alt=\"\" loading=\"lazy\" srcset=\"https:\/\/cicparaguay.org\/cic\/wp-content\/uploads\/2016\/11\/IMG-20170601-WA0038-150x150.jpg 150w, https:\/\/cicparaguay.org\/cic\/wp-content\/uploads\/2016\/11\/IMG-20170601-WA0038-73x73.jpg 73w, https:\/\/cicparaguay.org\/cic\/wp-content\/uploads\/2016\/11\/IMG-20170601-WA0038-174x174.jpg 174w, https:\/\/cicparaguay.org\/cic\/wp-content\/uploads\/2016\/11\/IMG-20170601-WA0038-250x250.jpg 250w\" sizes=\"(max-width: 150px) 100vw, 150px\" \/><\/a>\n\t\t\t<\/div><\/figure><figure class='gallery-item'>\n\t\t\t<div class='gallery-icon landscape'>\n\t\t\t\t<a href='https:\/\/cicparaguay.org\/cic\/25-leguas-irala-fernandez-chaco\/img-20170601-wa0039\/'><img width=\"150\" height=\"150\" src=\"https:\/\/cicparaguay.org\/cic\/wp-content\/uploads\/2016\/11\/IMG-20170601-WA0039-150x150.jpg\" class=\"attachment-thumbnail size-thumbnail\" alt=\"\" loading=\"lazy\" srcset=\"https:\/\/cicparaguay.org\/cic\/wp-content\/uploads\/2016\/11\/IMG-20170601-WA0039-150x150.jpg 150w, https:\/\/cicparaguay.org\/cic\/wp-content\/uploads\/2016\/11\/IMG-20170601-WA0039-73x73.jpg 73w, https:\/\/cicparaguay.org\/cic\/wp-content\/uploads\/2016\/11\/IMG-20170601-WA0039-174x174.jpg 174w, https:\/\/cicparaguay.org\/cic\/wp-content\/uploads\/2016\/11\/IMG-20170601-WA0039-250x250.jpg 250w\" sizes=\"(max-width: 150px) 100vw, 150px\" \/><\/a>\n\t\t\t<\/div><\/figure><figure class='gallery-item'>\n\t\t\t<div class='gallery-icon landscape'>\n\t\t\t\t<a href='https:\/\/cicparaguay.org\/cic\/25-leguas-irala-fernandez-chaco\/img-20170601-wa0040\/'><img width=\"150\" height=\"150\" src=\"https:\/\/cicparaguay.org\/cic\/wp-content\/uploads\/2016\/11\/IMG-20170601-WA0040-150x150.jpg\" class=\"attachment-thumbnail size-thumbnail\" alt=\"\" loading=\"lazy\" srcset=\"https:\/\/cicparaguay.org\/cic\/wp-content\/uploads\/2016\/11\/IMG-20170601-WA0040-150x150.jpg 150w, https:\/\/cicparaguay.org\/cic\/wp-content\/uploads\/2016\/11\/IMG-20170601-WA0040-73x73.jpg 73w, https:\/\/cicparaguay.org\/cic\/wp-content\/uploads\/2016\/11\/IMG-20170601-WA0040-174x174.jpg 174w, https:\/\/cicparaguay.org\/cic\/wp-content\/uploads\/2016\/11\/IMG-20170601-WA0040-250x250.jpg 250w\" sizes=\"(max-width: 150px) 100vw, 150px\" \/><\/a>\n\t\t\t<\/div><\/figure><figure class='gallery-item'>\n\t\t\t<div class='gallery-icon portrait'>\n\t\t\t\t<a href='https:\/\/cicparaguay.org\/cic\/25-leguas-irala-fernandez-chaco\/img-20170601-wa0041\/'><img width=\"150\" height=\"150\" src=\"https:\/\/cicparaguay.org\/cic\/wp-content\/uploads\/2016\/11\/IMG-20170601-WA0041-150x150.jpg\" class=\"attachment-thumbnail size-thumbnail\" alt=\"\" loading=\"lazy\" srcset=\"https:\/\/cicparaguay.org\/cic\/wp-content\/uploads\/2016\/11\/IMG-20170601-WA0041-150x150.jpg 150w, https:\/\/cicparaguay.org\/cic\/wp-content\/uploads\/2016\/11\/IMG-20170601-WA0041-73x73.jpg 73w, https:\/\/cicparaguay.org\/cic\/wp-content\/uploads\/2016\/11\/IMG-20170601-WA0041-174x174.jpg 174w, https:\/\/cicparaguay.org\/cic\/wp-content\/uploads\/2016\/11\/IMG-20170601-WA0041-250x250.jpg 250w\" sizes=\"(max-width: 150px) 100vw, 150px\" \/><\/a>\n\t\t\t<\/div><\/figure><figure class='gallery-item'>\n\t\t\t<div class='gallery-icon landscape'>\n\t\t\t\t<a href='https:\/\/cicparaguay.org\/cic\/25-leguas-irala-fernandez-chaco\/img-20170601-wa0042\/'><img width=\"150\" height=\"150\" src=\"https:\/\/cicparaguay.org\/cic\/wp-content\/uploads\/2016\/11\/IMG-20170601-WA0042-150x150.jpg\" class=\"attachment-thumbnail size-thumbnail\" alt=\"\" loading=\"lazy\" srcset=\"https:\/\/cicparaguay.org\/cic\/wp-content\/uploads\/2016\/11\/IMG-20170601-WA0042-150x150.jpg 150w, https:\/\/cicparaguay.org\/cic\/wp-content\/uploads\/2016\/11\/IMG-20170601-WA0042-73x73.jpg 73w, https:\/\/cicparaguay.org\/cic\/wp-content\/uploads\/2016\/11\/IMG-20170601-WA0042-174x174.jpg 174w, https:\/\/cicparaguay.org\/cic\/wp-content\/uploads\/2016\/11\/IMG-20170601-WA0042-250x250.jpg 250w\" sizes=\"(max-width: 150px) 100vw, 150px\" \/><\/a>\n\t\t\t<\/div><\/figure><figure class='gallery-item'>\n\t\t\t<div class='gallery-icon portrait'>\n\t\t\t\t<a href='https:\/\/cicparaguay.org\/cic\/25-leguas-irala-fernandez-chaco\/img-20170601-wa0044\/'><img width=\"150\" height=\"150\" src=\"https:\/\/cicparaguay.org\/cic\/wp-content\/uploads\/2016\/11\/IMG-20170601-WA0044-150x150.jpg\" class=\"attachment-thumbnail size-thumbnail\" alt=\"\" loading=\"lazy\" srcset=\"https:\/\/cicparaguay.org\/cic\/wp-content\/uploads\/2016\/11\/IMG-20170601-WA0044-150x150.jpg 150w, https:\/\/cicparaguay.org\/cic\/wp-content\/uploads\/2016\/11\/IMG-20170601-WA0044-73x73.jpg 73w, https:\/\/cicparaguay.org\/cic\/wp-content\/uploads\/2016\/11\/IMG-20170601-WA0044-174x174.jpg 174w, https:\/\/cicparaguay.org\/cic\/wp-content\/uploads\/2016\/11\/IMG-20170601-WA0044-250x250.jpg 250w\" sizes=\"(max-width: 150px) 100vw, 150px\" \/><\/a>\n\t\t\t<\/div><\/figure><figure class='gallery-item'>\n\t\t\t<div class='gallery-icon landscape'>\n\t\t\t\t<a href='https:\/\/cicparaguay.org\/cic\/25-leguas-irala-fernandez-chaco\/img-20170601-wa0045\/'><img width=\"150\" height=\"150\" src=\"https:\/\/cicparaguay.org\/cic\/wp-content\/uploads\/2016\/11\/IMG-20170601-WA0045-150x150.jpg\" class=\"attachment-thumbnail size-thumbnail\" alt=\"\" loading=\"lazy\" srcset=\"https:\/\/cicparaguay.org\/cic\/wp-content\/uploads\/2016\/11\/IMG-20170601-WA0045-150x150.jpg 150w, https:\/\/cicparaguay.org\/cic\/wp-content\/uploads\/2016\/11\/IMG-20170601-WA0045-73x73.jpg 73w, https:\/\/cicparaguay.org\/cic\/wp-content\/uploads\/2016\/11\/IMG-20170601-WA0045-174x174.jpg 174w, https:\/\/cicparaguay.org\/cic\/wp-content\/uploads\/2016\/11\/IMG-20170601-WA0045-250x250.jpg 250w\" sizes=\"(max-width: 150px) 100vw, 150px\" \/><\/a>\n\t\t\t<\/div><\/figure><figure class='gallery-item'>\n\t\t\t<div class='gallery-icon landscape'>\n\t\t\t\t<a href='https:\/\/cicparaguay.org\/cic\/25-leguas-irala-fernandez-chaco\/img-20170601-wa0046\/'><img width=\"150\" height=\"150\" src=\"https:\/\/cicparaguay.org\/cic\/wp-content\/uploads\/2016\/11\/IMG-20170601-WA0046-150x150.jpg\" class=\"attachment-thumbnail size-thumbnail\" alt=\"\" loading=\"lazy\" srcset=\"https:\/\/cicparaguay.org\/cic\/wp-content\/uploads\/2016\/11\/IMG-20170601-WA0046-150x150.jpg 150w, https:\/\/cicparaguay.org\/cic\/wp-content\/uploads\/2016\/11\/IMG-20170601-WA0046-73x73.jpg 73w, https:\/\/cicparaguay.org\/cic\/wp-content\/uploads\/2016\/11\/IMG-20170601-WA0046-174x174.jpg 174w, https:\/\/cicparaguay.org\/cic\/wp-content\/uploads\/2016\/11\/IMG-20170601-WA0046-250x250.jpg 250w\" sizes=\"(max-width: 150px) 100vw, 150px\" \/><\/a>\n\t\t\t<\/div><\/figure><figure class='gallery-item'>\n\t\t\t<div class='gallery-icon portrait'>\n\t\t\t\t<a href='https:\/\/cicparaguay.org\/cic\/25-leguas-irala-fernandez-chaco\/img-20170601-wa0047\/'><img width=\"150\" height=\"150\" src=\"https:\/\/cicparaguay.org\/cic\/wp-content\/uploads\/2016\/11\/IMG-20170601-WA0047-150x150.jpg\" class=\"attachment-thumbnail size-thumbnail\" alt=\"\" loading=\"lazy\" srcset=\"https:\/\/cicparaguay.org\/cic\/wp-content\/uploads\/2016\/11\/IMG-20170601-WA0047-150x150.jpg 150w, https:\/\/cicparaguay.org\/cic\/wp-content\/uploads\/2016\/11\/IMG-20170601-WA0047-73x73.jpg 73w, https:\/\/cicparaguay.org\/cic\/wp-content\/uploads\/2016\/11\/IMG-20170601-WA0047-174x174.jpg 174w, https:\/\/cicparaguay.org\/cic\/wp-content\/uploads\/2016\/11\/IMG-20170601-WA0047-250x250.jpg 250w\" sizes=\"(max-width: 150px) 100vw, 150px\" \/><\/a>\n\t\t\t<\/div><\/figure><figure class='gallery-item'>\n\t\t\t<div class='gallery-icon landscape'>\n\t\t\t\t<a href='https:\/\/cicparaguay.org\/cic\/25-leguas-irala-fernandez-chaco\/img-20170601-wa0048\/'><img width=\"150\" height=\"150\" src=\"https:\/\/cicparaguay.org\/cic\/wp-content\/uploads\/2016\/11\/IMG-20170601-WA0048-150x150.jpg\" class=\"attachment-thumbnail size-thumbnail\" alt=\"\" loading=\"lazy\" srcset=\"https:\/\/cicparaguay.org\/cic\/wp-content\/uploads\/2016\/11\/IMG-20170601-WA0048-150x150.jpg 150w, https:\/\/cicparaguay.org\/cic\/wp-content\/uploads\/2016\/11\/IMG-20170601-WA0048-73x73.jpg 73w, https:\/\/cicparaguay.org\/cic\/wp-content\/uploads\/2016\/11\/IMG-20170601-WA0048-174x174.jpg 174w, https:\/\/cicparaguay.org\/cic\/wp-content\/uploads\/2016\/11\/IMG-20170601-WA0048-250x250.jpg 250w\" sizes=\"(max-width: 150px) 100vw, 150px\" \/><\/a>\n\t\t\t<\/div><\/figure><figure class='gallery-item'>\n\t\t\t<div class='gallery-icon landscape'>\n\t\t\t\t<a href='https:\/\/cicparaguay.org\/cic\/25-leguas-irala-fernandez-chaco\/img-20170601-wa0049\/'><img width=\"150\" height=\"150\" src=\"https:\/\/cicparaguay.org\/cic\/wp-content\/uploads\/2016\/11\/IMG-20170601-WA0049-150x150.jpg\" class=\"attachment-thumbnail size-thumbnail\" alt=\"\" loading=\"lazy\" srcset=\"https:\/\/cicparaguay.org\/cic\/wp-content\/uploads\/2016\/11\/IMG-20170601-WA0049-150x150.jpg 150w, https:\/\/cicparaguay.org\/cic\/wp-content\/uploads\/2016\/11\/IMG-20170601-WA0049-300x300.jpg 300w, https:\/\/cicparaguay.org\/cic\/wp-content\/uploads\/2016\/11\/IMG-20170601-WA0049-73x73.jpg 73w, https:\/\/cicparaguay.org\/cic\/wp-content\/uploads\/2016\/11\/IMG-20170601-WA0049-174x174.jpg 174w, https:\/\/cicparaguay.org\/cic\/wp-content\/uploads\/2016\/11\/IMG-20170601-WA0049-250x250.jpg 250w, https:\/\/cicparaguay.org\/cic\/wp-content\/uploads\/2016\/11\/IMG-20170601-WA0049-50x50.jpg 50w, https:\/\/cicparaguay.org\/cic\/wp-content\/uploads\/2016\/11\/IMG-20170601-WA0049.jpg 640w\" sizes=\"(max-width: 150px) 100vw, 150px\" \/><\/a>\n\t\t\t<\/div><\/figure><figure class='gallery-item'>\n\t\t\t<div class='gallery-icon landscape'>\n\t\t\t\t<a href='https:\/\/cicparaguay.org\/cic\/25-leguas-irala-fernandez-chaco\/img-20170601-wa0050\/'><img width=\"150\" height=\"150\" src=\"https:\/\/cicparaguay.org\/cic\/wp-content\/uploads\/2016\/11\/IMG-20170601-WA0050-150x150.jpg\" class=\"attachment-thumbnail size-thumbnail\" alt=\"\" loading=\"lazy\" srcset=\"https:\/\/cicparaguay.org\/cic\/wp-content\/uploads\/2016\/11\/IMG-20170601-WA0050-150x150.jpg 150w, https:\/\/cicparaguay.org\/cic\/wp-content\/uploads\/2016\/11\/IMG-20170601-WA0050-73x73.jpg 73w, https:\/\/cicparaguay.org\/cic\/wp-content\/uploads\/2016\/11\/IMG-20170601-WA0050-174x174.jpg 174w, https:\/\/cicparaguay.org\/cic\/wp-content\/uploads\/2016\/11\/IMG-20170601-WA0050-250x250.jpg 250w\" sizes=\"(max-width: 150px) 100vw, 150px\" \/><\/a>\n\t\t\t<\/div><\/figure><figure class='gallery-item'>\n\t\t\t<div class='gallery-icon landscape'>\n\t\t\t\t<a href='https:\/\/cicparaguay.org\/cic\/25-leguas-irala-fernandez-chaco\/img-20170601-wa0051\/'><img width=\"150\" height=\"150\" src=\"https:\/\/cicparaguay.org\/cic\/wp-content\/uploads\/2016\/11\/IMG-20170601-WA0051-150x150.jpg\" class=\"attachment-thumbnail size-thumbnail\" alt=\"\" loading=\"lazy\" srcset=\"https:\/\/cicparaguay.org\/cic\/wp-content\/uploads\/2016\/11\/IMG-20170601-WA0051-150x150.jpg 150w, https:\/\/cicparaguay.org\/cic\/wp-content\/uploads\/2016\/11\/IMG-20170601-WA0051-73x73.jpg 73w, https:\/\/cicparaguay.org\/cic\/wp-content\/uploads\/2016\/11\/IMG-20170601-WA0051-174x174.jpg 174w, https:\/\/cicparaguay.org\/cic\/wp-content\/uploads\/2016\/11\/IMG-20170601-WA0051-250x250.jpg 250w\" sizes=\"(max-width: 150px) 100vw, 150px\" \/><\/a>\n\t\t\t<\/div><\/figure>\n\t\t<\/div>\n\n","protected":false},"excerpt":{"rendered":"<p>Apertura: 11 de febrero de 1987 Circunstancias: queriendo dar respuesta al llamado de la Iglesia a favor de los m\u00e1s excluidos y aprovechando los 150 a\u00f1os de la fundaci\u00f3n de la Congregaci\u00f3n, la Provincia opt\u00f3 por realizar una fundaci\u00f3n en un lugar apartado, en especial donde la Evangelizaci\u00f3n era poco accesible. Se opt\u00f3 en aceptar<a href=\"https:\/\/cicparaguay.org\/cic\/25-leguas-irala-fernandez-chaco\/\">[&#8230;]<\/a><\/p>\n","protected":false},"author":1,"featured_media":562,"parent":0,"menu_order":0,"comment_status":"closed","ping_status":"closed","template":"","meta":[],"wppr_data":{"cwp_meta_box_check":"No"},"_links":{"self":[{"href":"https:\/\/cicparaguay.org\/cic\/wp-json\/wp\/v2\/pages\/166"}],"collection":[{"href":"https:\/\/cicparaguay.org\/cic\/wp-json\/wp\/v2\/pages"}],"about":[{"href":"https:\/\/cicparaguay.org\/cic\/wp-json\/wp\/v2\/types\/page"}],"author":[{"embeddable":true,"href":"https:\/\/cicparaguay.org\/cic\/wp-json\/wp\/v2\/users\/1"}],"replies":[{"embeddable":true,"href":"https:\/\/cicparaguay.org\/cic\/wp-json\/wp\/v2\/comments?post=166"}],"version-history":[{"count":3,"href":"https:\/\/cicparaguay.org\/cic\/wp-json\/wp\/v2\/pages\/166\/revisions"}],"predecessor-version":[{"id":578,"href":"https:\/\/cicparaguay.org\/cic\/wp-json\/wp\/v2\/pages\/166\/revisions\/578"}],"wp:featuredmedia":[{"embeddable":true,"href":"https:\/\/cicparaguay.org\/cic\/wp-json\/wp\/v2\/media\/562"}],"wp:attachment":[{"href":"https:\/\/cicparaguay.org\/cic\/wp-json\/wp\/v2\/media?parent=166"}],"curies":[{"name":"wp","href":"https:\/\/api.w.org\/{rel}","templated":true}]}}