{"id":164,"date":"2016-11-22T11:28:13","date_gmt":"2016-11-22T11:28:13","guid":{"rendered":"http:\/\/cicparaguay.org\/cic\/?page_id=164"},"modified":"2017-07-27T18:40:46","modified_gmt":"2017-07-27T18:40:46","slug":"caazapa","status":"publish","type":"page","link":"https:\/\/cicparaguay.org\/cic\/caazapa\/","title":{"rendered":"Caazap\u00e1"},"content":{"rendered":"<div id='gallery-1' class='gallery galleryid-164 gallery-columns-3 gallery-size-thumbnail'><figure class='gallery-item'>\n\t\t\t<div class='gallery-icon portrait'>\n\t\t\t\t<a href='https:\/\/cicparaguay.org\/cic\/caazapa\/1009088_622999174512441_5993009916204811588_o\/'><img width=\"150\" height=\"150\" src=\"https:\/\/cicparaguay.org\/cic\/wp-content\/uploads\/2016\/11\/1009088_622999174512441_5993009916204811588_o-150x150.jpg\" class=\"attachment-thumbnail size-thumbnail\" alt=\"\" loading=\"lazy\" srcset=\"https:\/\/cicparaguay.org\/cic\/wp-content\/uploads\/2016\/11\/1009088_622999174512441_5993009916204811588_o-150x150.jpg 150w, https:\/\/cicparaguay.org\/cic\/wp-content\/uploads\/2016\/11\/1009088_622999174512441_5993009916204811588_o-73x73.jpg 73w, https:\/\/cicparaguay.org\/cic\/wp-content\/uploads\/2016\/11\/1009088_622999174512441_5993009916204811588_o-174x174.jpg 174w, https:\/\/cicparaguay.org\/cic\/wp-content\/uploads\/2016\/11\/1009088_622999174512441_5993009916204811588_o-250x250.jpg 250w\" sizes=\"(max-width: 150px) 100vw, 150px\" \/><\/a>\n\t\t\t<\/div><\/figure><figure class='gallery-item'>\n\t\t\t<div class='gallery-icon landscape'>\n\t\t\t\t<a href='https:\/\/cicparaguay.org\/cic\/caazapa\/1798405_415675071911520_992743558_n\/'><img width=\"150\" height=\"150\" src=\"https:\/\/cicparaguay.org\/cic\/wp-content\/uploads\/2016\/11\/1798405_415675071911520_992743558_n-150x150.jpg\" class=\"attachment-thumbnail size-thumbnail\" alt=\"\" loading=\"lazy\" srcset=\"https:\/\/cicparaguay.org\/cic\/wp-content\/uploads\/2016\/11\/1798405_415675071911520_992743558_n-150x150.jpg 150w, https:\/\/cicparaguay.org\/cic\/wp-content\/uploads\/2016\/11\/1798405_415675071911520_992743558_n-73x73.jpg 73w, https:\/\/cicparaguay.org\/cic\/wp-content\/uploads\/2016\/11\/1798405_415675071911520_992743558_n-174x174.jpg 174w, https:\/\/cicparaguay.org\/cic\/wp-content\/uploads\/2016\/11\/1798405_415675071911520_992743558_n-250x250.jpg 250w\" sizes=\"(max-width: 150px) 100vw, 150px\" \/><\/a>\n\t\t\t<\/div><\/figure><figure class='gallery-item'>\n\t\t\t<div class='gallery-icon portrait'>\n\t\t\t\t<a href='https:\/\/cicparaguay.org\/cic\/caazapa\/10151947_679468998865458_4676657217365354315_n\/'><img width=\"150\" height=\"150\" src=\"https:\/\/cicparaguay.org\/cic\/wp-content\/uploads\/2016\/11\/10151947_679468998865458_4676657217365354315_n-150x150.jpg\" class=\"attachment-thumbnail size-thumbnail\" alt=\"\" loading=\"lazy\" srcset=\"https:\/\/cicparaguay.org\/cic\/wp-content\/uploads\/2016\/11\/10151947_679468998865458_4676657217365354315_n-150x150.jpg 150w, https:\/\/cicparaguay.org\/cic\/wp-content\/uploads\/2016\/11\/10151947_679468998865458_4676657217365354315_n-73x73.jpg 73w, https:\/\/cicparaguay.org\/cic\/wp-content\/uploads\/2016\/11\/10151947_679468998865458_4676657217365354315_n-174x174.jpg 174w, https:\/\/cicparaguay.org\/cic\/wp-content\/uploads\/2016\/11\/10151947_679468998865458_4676657217365354315_n-250x250.jpg 250w\" sizes=\"(max-width: 150px) 100vw, 150px\" \/><\/a>\n\t\t\t<\/div><\/figure><figure class='gallery-item'>\n\t\t\t<div class='gallery-icon landscape'>\n\t\t\t\t<a href='https:\/\/cicparaguay.org\/cic\/caazapa\/10257202_738279256317765_3065003086317759315_n\/'><img width=\"150\" height=\"150\" src=\"https:\/\/cicparaguay.org\/cic\/wp-content\/uploads\/2016\/11\/10257202_738279256317765_3065003086317759315_n-150x150.jpg\" class=\"attachment-thumbnail size-thumbnail\" alt=\"\" loading=\"lazy\" srcset=\"https:\/\/cicparaguay.org\/cic\/wp-content\/uploads\/2016\/11\/10257202_738279256317765_3065003086317759315_n-150x150.jpg 150w, https:\/\/cicparaguay.org\/cic\/wp-content\/uploads\/2016\/11\/10257202_738279256317765_3065003086317759315_n-73x73.jpg 73w, https:\/\/cicparaguay.org\/cic\/wp-content\/uploads\/2016\/11\/10257202_738279256317765_3065003086317759315_n-174x174.jpg 174w, https:\/\/cicparaguay.org\/cic\/wp-content\/uploads\/2016\/11\/10257202_738279256317765_3065003086317759315_n-250x250.jpg 250w\" sizes=\"(max-width: 150px) 100vw, 150px\" \/><\/a>\n\t\t\t<\/div><\/figure><figure class='gallery-item'>\n\t\t\t<div class='gallery-icon landscape'>\n\t\t\t\t<a href='https:\/\/cicparaguay.org\/cic\/caazapa\/11148453_654237938055231_1159098889376908065_n\/'><img width=\"150\" height=\"150\" src=\"https:\/\/cicparaguay.org\/cic\/wp-content\/uploads\/2016\/11\/11148453_654237938055231_1159098889376908065_n-150x150.jpg\" class=\"attachment-thumbnail size-thumbnail\" alt=\"\" loading=\"lazy\" srcset=\"https:\/\/cicparaguay.org\/cic\/wp-content\/uploads\/2016\/11\/11148453_654237938055231_1159098889376908065_n-150x150.jpg 150w, https:\/\/cicparaguay.org\/cic\/wp-content\/uploads\/2016\/11\/11148453_654237938055231_1159098889376908065_n-73x73.jpg 73w, https:\/\/cicparaguay.org\/cic\/wp-content\/uploads\/2016\/11\/11148453_654237938055231_1159098889376908065_n-174x174.jpg 174w, https:\/\/cicparaguay.org\/cic\/wp-content\/uploads\/2016\/11\/11148453_654237938055231_1159098889376908065_n-250x250.jpg 250w\" sizes=\"(max-width: 150px) 100vw, 150px\" \/><\/a>\n\t\t\t<\/div><\/figure><figure class='gallery-item'>\n\t\t\t<div class='gallery-icon portrait'>\n\t\t\t\t<a href='https:\/\/cicparaguay.org\/cic\/caazapa\/11270402_1400313343630030_4908401758682597882_o\/'><img width=\"150\" height=\"150\" src=\"https:\/\/cicparaguay.org\/cic\/wp-content\/uploads\/2016\/11\/11270402_1400313343630030_4908401758682597882_o-150x150.jpg\" class=\"attachment-thumbnail size-thumbnail\" alt=\"\" loading=\"lazy\" srcset=\"https:\/\/cicparaguay.org\/cic\/wp-content\/uploads\/2016\/11\/11270402_1400313343630030_4908401758682597882_o-150x150.jpg 150w, https:\/\/cicparaguay.org\/cic\/wp-content\/uploads\/2016\/11\/11270402_1400313343630030_4908401758682597882_o-73x73.jpg 73w, https:\/\/cicparaguay.org\/cic\/wp-content\/uploads\/2016\/11\/11270402_1400313343630030_4908401758682597882_o-174x174.jpg 174w, https:\/\/cicparaguay.org\/cic\/wp-content\/uploads\/2016\/11\/11270402_1400313343630030_4908401758682597882_o-250x250.jpg 250w\" sizes=\"(max-width: 150px) 100vw, 150px\" \/><\/a>\n\t\t\t<\/div><\/figure><figure class='gallery-item'>\n\t\t\t<div class='gallery-icon landscape'>\n\t\t\t\t<a href='https:\/\/cicparaguay.org\/cic\/caazapa\/12011350_738208136324877_7197519183974244532_n\/'><img width=\"150\" height=\"150\" src=\"https:\/\/cicparaguay.org\/cic\/wp-content\/uploads\/2016\/11\/12011350_738208136324877_7197519183974244532_n-150x150.jpg\" class=\"attachment-thumbnail size-thumbnail\" alt=\"\" loading=\"lazy\" srcset=\"https:\/\/cicparaguay.org\/cic\/wp-content\/uploads\/2016\/11\/12011350_738208136324877_7197519183974244532_n-150x150.jpg 150w, https:\/\/cicparaguay.org\/cic\/wp-content\/uploads\/2016\/11\/12011350_738208136324877_7197519183974244532_n-73x73.jpg 73w, https:\/\/cicparaguay.org\/cic\/wp-content\/uploads\/2016\/11\/12011350_738208136324877_7197519183974244532_n-174x174.jpg 174w, https:\/\/cicparaguay.org\/cic\/wp-content\/uploads\/2016\/11\/12011350_738208136324877_7197519183974244532_n-250x250.jpg 250w\" sizes=\"(max-width: 150px) 100vw, 150px\" \/><\/a>\n\t\t\t<\/div><\/figure><figure class='gallery-item'>\n\t\t\t<div class='gallery-icon landscape'>\n\t\t\t\t<a href='https:\/\/cicparaguay.org\/cic\/caazapa\/13120004_1059918034067811_4514738550518154824_o\/'><img width=\"150\" height=\"150\" src=\"https:\/\/cicparaguay.org\/cic\/wp-content\/uploads\/2016\/11\/13120004_1059918034067811_4514738550518154824_o-150x150.jpg\" class=\"attachment-thumbnail size-thumbnail\" alt=\"\" loading=\"lazy\" srcset=\"https:\/\/cicparaguay.org\/cic\/wp-content\/uploads\/2016\/11\/13120004_1059918034067811_4514738550518154824_o-150x150.jpg 150w, https:\/\/cicparaguay.org\/cic\/wp-content\/uploads\/2016\/11\/13120004_1059918034067811_4514738550518154824_o-73x73.jpg 73w, https:\/\/cicparaguay.org\/cic\/wp-content\/uploads\/2016\/11\/13120004_1059918034067811_4514738550518154824_o-174x174.jpg 174w, https:\/\/cicparaguay.org\/cic\/wp-content\/uploads\/2016\/11\/13120004_1059918034067811_4514738550518154824_o-250x250.jpg 250w\" sizes=\"(max-width: 150px) 100vw, 150px\" \/><\/a>\n\t\t\t<\/div><\/figure><figure class='gallery-item'>\n\t\t\t<div class='gallery-icon landscape'>\n\t\t\t\t<a href='https:\/\/cicparaguay.org\/cic\/caazapa\/14713693_962655933880095_926258694380559383_n\/'><img width=\"150\" height=\"150\" src=\"https:\/\/cicparaguay.org\/cic\/wp-content\/uploads\/2016\/11\/14713693_962655933880095_926258694380559383_n-150x150.jpg\" class=\"attachment-thumbnail size-thumbnail\" alt=\"\" loading=\"lazy\" srcset=\"https:\/\/cicparaguay.org\/cic\/wp-content\/uploads\/2016\/11\/14713693_962655933880095_926258694380559383_n-150x150.jpg 150w, https:\/\/cicparaguay.org\/cic\/wp-content\/uploads\/2016\/11\/14713693_962655933880095_926258694380559383_n-73x73.jpg 73w, https:\/\/cicparaguay.org\/cic\/wp-content\/uploads\/2016\/11\/14713693_962655933880095_926258694380559383_n-174x174.jpg 174w, https:\/\/cicparaguay.org\/cic\/wp-content\/uploads\/2016\/11\/14713693_962655933880095_926258694380559383_n-250x250.jpg 250w\" sizes=\"(max-width: 150px) 100vw, 150px\" \/><\/a>\n\t\t\t<\/div><\/figure><figure class='gallery-item'>\n\t\t\t<div class='gallery-icon portrait'>\n\t\t\t\t<a href='https:\/\/cicparaguay.org\/cic\/caazapa\/14716085_959779090834446_2192426751775572752_n\/'><img width=\"150\" height=\"150\" src=\"https:\/\/cicparaguay.org\/cic\/wp-content\/uploads\/2016\/11\/14716085_959779090834446_2192426751775572752_n-150x150.jpg\" class=\"attachment-thumbnail size-thumbnail\" alt=\"\" loading=\"lazy\" srcset=\"https:\/\/cicparaguay.org\/cic\/wp-content\/uploads\/2016\/11\/14716085_959779090834446_2192426751775572752_n-150x150.jpg 150w, https:\/\/cicparaguay.org\/cic\/wp-content\/uploads\/2016\/11\/14716085_959779090834446_2192426751775572752_n-73x73.jpg 73w, https:\/\/cicparaguay.org\/cic\/wp-content\/uploads\/2016\/11\/14716085_959779090834446_2192426751775572752_n-174x174.jpg 174w, https:\/\/cicparaguay.org\/cic\/wp-content\/uploads\/2016\/11\/14716085_959779090834446_2192426751775572752_n-250x250.jpg 250w\" sizes=\"(max-width: 150px) 100vw, 150px\" \/><\/a>\n\t\t\t<\/div><\/figure><figure class='gallery-item'>\n\t\t\t<div class='gallery-icon portrait'>\n\t\t\t\t<a href='https:\/\/cicparaguay.org\/cic\/caazapa\/14720442_1277510905606330_6924625279837522234_n\/'><img width=\"150\" height=\"150\" src=\"https:\/\/cicparaguay.org\/cic\/wp-content\/uploads\/2016\/11\/14720442_1277510905606330_6924625279837522234_n-150x150.jpg\" class=\"attachment-thumbnail size-thumbnail\" alt=\"\" loading=\"lazy\" srcset=\"https:\/\/cicparaguay.org\/cic\/wp-content\/uploads\/2016\/11\/14720442_1277510905606330_6924625279837522234_n-150x150.jpg 150w, https:\/\/cicparaguay.org\/cic\/wp-content\/uploads\/2016\/11\/14720442_1277510905606330_6924625279837522234_n-73x73.jpg 73w, https:\/\/cicparaguay.org\/cic\/wp-content\/uploads\/2016\/11\/14720442_1277510905606330_6924625279837522234_n-174x174.jpg 174w, https:\/\/cicparaguay.org\/cic\/wp-content\/uploads\/2016\/11\/14720442_1277510905606330_6924625279837522234_n-250x250.jpg 250w\" sizes=\"(max-width: 150px) 100vw, 150px\" \/><\/a>\n\t\t\t<\/div><\/figure><figure class='gallery-item'>\n\t\t\t<div class='gallery-icon landscape'>\n\t\t\t\t<a href='https:\/\/cicparaguay.org\/cic\/caazapa\/14956043_971038696375152_6735750741369595455_n\/'><img width=\"150\" height=\"150\" src=\"https:\/\/cicparaguay.org\/cic\/wp-content\/uploads\/2016\/11\/14956043_971038696375152_6735750741369595455_n-150x150.jpg\" class=\"attachment-thumbnail size-thumbnail\" alt=\"\" loading=\"lazy\" srcset=\"https:\/\/cicparaguay.org\/cic\/wp-content\/uploads\/2016\/11\/14956043_971038696375152_6735750741369595455_n-150x150.jpg 150w, https:\/\/cicparaguay.org\/cic\/wp-content\/uploads\/2016\/11\/14956043_971038696375152_6735750741369595455_n-73x73.jpg 73w, https:\/\/cicparaguay.org\/cic\/wp-content\/uploads\/2016\/11\/14956043_971038696375152_6735750741369595455_n-174x174.jpg 174w, https:\/\/cicparaguay.org\/cic\/wp-content\/uploads\/2016\/11\/14956043_971038696375152_6735750741369595455_n-250x250.jpg 250w\" sizes=\"(max-width: 150px) 100vw, 150px\" \/><\/a>\n\t\t\t<\/div><\/figure><figure class='gallery-item'>\n\t\t\t<div class='gallery-icon landscape'>\n\t\t\t\t<a href='https:\/\/cicparaguay.org\/cic\/caazapa\/19399105_1416962231696721_3038783263096665082_n\/'><img width=\"150\" height=\"150\" src=\"https:\/\/cicparaguay.org\/cic\/wp-content\/uploads\/2016\/11\/19399105_1416962231696721_3038783263096665082_n-150x150.jpg\" class=\"attachment-thumbnail size-thumbnail\" alt=\"\" loading=\"lazy\" srcset=\"https:\/\/cicparaguay.org\/cic\/wp-content\/uploads\/2016\/11\/19399105_1416962231696721_3038783263096665082_n-150x150.jpg 150w, https:\/\/cicparaguay.org\/cic\/wp-content\/uploads\/2016\/11\/19399105_1416962231696721_3038783263096665082_n-73x73.jpg 73w, https:\/\/cicparaguay.org\/cic\/wp-content\/uploads\/2016\/11\/19399105_1416962231696721_3038783263096665082_n-174x174.jpg 174w, https:\/\/cicparaguay.org\/cic\/wp-content\/uploads\/2016\/11\/19399105_1416962231696721_3038783263096665082_n-250x250.jpg 250w\" sizes=\"(max-width: 150px) 100vw, 150px\" \/><\/a>\n\t\t\t<\/div><\/figure><figure class='gallery-item'>\n\t\t\t<div class='gallery-icon portrait'>\n\t\t\t\t<a href='https:\/\/cicparaguay.org\/cic\/caazapa\/19875588_1154927541319599_761521694268027531_n\/'><img width=\"150\" height=\"150\" src=\"https:\/\/cicparaguay.org\/cic\/wp-content\/uploads\/2016\/11\/19875588_1154927541319599_761521694268027531_n-150x150.jpg\" class=\"attachment-thumbnail size-thumbnail\" alt=\"\" loading=\"lazy\" srcset=\"https:\/\/cicparaguay.org\/cic\/wp-content\/uploads\/2016\/11\/19875588_1154927541319599_761521694268027531_n-150x150.jpg 150w, https:\/\/cicparaguay.org\/cic\/wp-content\/uploads\/2016\/11\/19875588_1154927541319599_761521694268027531_n-73x73.jpg 73w, https:\/\/cicparaguay.org\/cic\/wp-content\/uploads\/2016\/11\/19875588_1154927541319599_761521694268027531_n-174x174.jpg 174w, https:\/\/cicparaguay.org\/cic\/wp-content\/uploads\/2016\/11\/19875588_1154927541319599_761521694268027531_n-250x250.jpg 250w\" sizes=\"(max-width: 150px) 100vw, 150px\" \/><\/a>\n\t\t\t<\/div><\/figure>\n\t\t<\/div>\n\n<p><strong>Caazap\u00e1<\/strong><\/p>\n<p>Las primeras hermanas llegaron a nuestra tierra guaran\u00ed en el a\u00f1o 1939, instal\u00e1ndose en la ciudad de <strong>Caazap\u00e1.<\/strong><\/p>\n<p>El padre Agust\u00edn Elizalde llega a Caazap\u00e1 en 1930 por consejo m\u00e9dico. Este sacerdote ven\u00eda de Ciudadela (Bs. As) cura p\u00e1rroco de Santa Juana de Arco. Se hosped\u00f3 en la casa parroquial de Caazap\u00e1 con el Padre Juan Ben\u00edtez Balmaceda.\u00a0 El Padre Juan Ben\u00edtez \u00a0expres\u00f3 el deseo de tener religiosas en su parroquia. El padre Elizalde que era amigo de la congregaci\u00f3n, contando desde ya con el gran coraz\u00f3n de la Madre Germaine Sapene, Superiora Provincial en Argentina, dijo que con seguridad acceder\u00eda al pedido. Hecha la propuesta, la Madre Germaine Sapene puso una condici\u00f3n: <em>deb\u00edan primeramente enviar vocaciones al noviciado.<\/em><\/p>\n<p>Al volver de uno de sus viajes el Padre Elizalde, fue con 10 j\u00f3venes paraguayas que deseaban entrar al Postulantado. As\u00ed comenzar\u00eda esta historia azul en tierras paraguayas, en la ciudad de Fray Luis de Bola\u00f1os.<\/p>\n<p>Las fundadoras:<\/p>\n<ul>\n<li>Madre Lucienne Larroche, Superiora.<\/li>\n<li>Sor Victorina Santos Souza, Directora del Colegio.<\/li>\n<li>Sor Bernardin Gau, Profesora de franc\u00e9s.<\/li>\n<li>Sor Juliana Vidal, Profesora de corte y confecci\u00f3n.<\/li>\n<li>Sor Cristina Correngia, Maestra y profesora de dibujo.<\/li>\n<li>Sor Ignacia Ben\u00edtez Balmaceda, Ec\u00f3noma.<\/li>\n<\/ul>\n<p>Las obras de los inicios fueron:<\/p>\n<ul>\n<li>Apertura de la escuela del 1\u00b0 al 6\u00b0 grado.<\/li>\n<li>Clases de pintura<\/li>\n<li>Cursos de alfabetizaci\u00f3n<\/li>\n<li>Clases de piano<\/li>\n<li>Pastoral parroquial<\/li>\n<li>Catequesis en los barrios y compa\u00f1\u00edas<\/li>\n<li>Servicio lit\u00fargico en la Iglesia<\/li>\n<li>Visitas a los enfermos y moribundos<\/li>\n<li>Ayuda a las familias pobres con becas para el estudio<\/li>\n<li>Ayuda material a las familias carenciadas<\/li>\n<\/ul>\n<p>Actualmente la comunidad sigue brindando su servicio en educaci\u00f3n, pastoral parroquial y en las compa\u00f1\u00edas, visita a los enfermos y misiones.<\/p>\n<p>Se apoya la espiritualidad desde una casa de ejercicios, cercana a la comunidad, lleva el nombre de Santa Germaine.<\/p>\n","protected":false},"excerpt":{"rendered":"<p>Caazap\u00e1 Las primeras hermanas llegaron a nuestra tierra guaran\u00ed en el a\u00f1o 1939, instal\u00e1ndose en la ciudad de Caazap\u00e1. El padre Agust\u00edn Elizalde llega a Caazap\u00e1 en 1930 por consejo m\u00e9dico. Este sacerdote ven\u00eda de Ciudadela (Bs. As) cura p\u00e1rroco de Santa Juana de Arco. Se hosped\u00f3 en la casa parroquial de Caazap\u00e1 con el<a href=\"https:\/\/cicparaguay.org\/cic\/caazapa\/\">[&#8230;]<\/a><\/p>\n","protected":false},"author":1,"featured_media":0,"parent":0,"menu_order":0,"comment_status":"closed","ping_status":"closed","template":"","meta":[],"wppr_data":{"cwp_meta_box_check":"No"},"_links":{"self":[{"href":"https:\/\/cicparaguay.org\/cic\/wp-json\/wp\/v2\/pages\/164"}],"collection":[{"href":"https:\/\/cicparaguay.org\/cic\/wp-json\/wp\/v2\/pages"}],"about":[{"href":"https:\/\/cicparaguay.org\/cic\/wp-json\/wp\/v2\/types\/page"}],"author":[{"embeddable":true,"href":"https:\/\/cicparaguay.org\/cic\/wp-json\/wp\/v2\/users\/1"}],"replies":[{"embeddable":true,"href":"https:\/\/cicparaguay.org\/cic\/wp-json\/wp\/v2\/comments?post=164"}],"version-history":[{"count":4,"href":"https:\/\/cicparaguay.org\/cic\/wp-json\/wp\/v2\/pages\/164\/revisions"}],"predecessor-version":[{"id":634,"href":"https:\/\/cicparaguay.org\/cic\/wp-json\/wp\/v2\/pages\/164\/revisions\/634"}],"wp:attachment":[{"href":"https:\/\/cicparaguay.org\/cic\/wp-json\/wp\/v2\/media?parent=164"}],"curies":[{"name":"wp","href":"https:\/\/api.w.org\/{rel}","templated":true}]}}