{"id":156,"date":"2016-11-22T11:26:10","date_gmt":"2016-11-22T11:26:10","guid":{"rendered":"http:\/\/cicparaguay.org\/cic\/?page_id=156"},"modified":"2017-07-27T15:16:18","modified_gmt":"2017-07-27T15:16:18","slug":"ciudad-del-este","status":"publish","type":"page","link":"https:\/\/cicparaguay.org\/cic\/ciudad-del-este\/","title":{"rendered":"Ciudad del Este"},"content":{"rendered":"<p><strong>CIUDAD DEL ESTE \u201cCOLEGIO INMACULADA CONCEPCI\u00d3N\u201d<\/strong><\/p>\n<p><strong>Fecha de fundaci\u00f3n<\/strong>: a pedido del Obispo del Alto Paran\u00e1, Monse\u00f1or Agust\u00edn Van Aaken, las hermanas se establecieron en Ciudad del Este el 11 de enero de 1978, con el fin de cooperar en la acci\u00f3n evangelizadora de la Iglesia en la nueva poblaci\u00f3n.<\/p>\n<p>La primera comunidad estaba constituida por:<\/p>\n<p>Hna. Mar\u00eda Lucila Rivas,<\/p>\n<p>Hna. Mar\u00eda Isolina Ar\u00e9valos<\/p>\n<p>Hna. Mar\u00eda Victorina Vera<\/p>\n<p><strong>Actividades iniciales: <\/strong><\/p>\n<ul>\n<li>Como instituci\u00f3n educativa daba apertura a una guarder\u00eda infantil bajo la denominaci\u00f3n de \u201cGuarder\u00eda Jard\u00edn de Mar\u00eda\u201d<\/li>\n<li>Como apostolado se daba catequesis a unos 50 marineros de la guarnici\u00f3n del Puerto del R\u00edo Paran\u00e1, recib\u00edan sacramentos del bautismo, confirmaci\u00f3n, reconciliaci\u00f3n y eucarist\u00eda, adem\u00e1s se daba clases de alfabetizaci\u00f3n a los mismos.<\/li>\n<li>En 1984 iniciaban sus actividades acad\u00e9micas los ni\u00f1os del jard\u00edn de infantes hasta completar el primer ciclo.<\/li>\n<\/ul>\n<p><strong>Actualmente:<\/strong><\/p>\n<p>Funciona el Jard\u00edn de infantes, Pre-escolar, Primer ciclo, Segundo ciclo y nivel medio en sus diferentes modalidades.<\/p>\n<p>La comunidad educativa unen fuerzas para el logro de los objetivos, \u00a0promover y afianzar los valores evang\u00e9licos siguiendo el carisma de Emilie.<\/p>\n<p>Desde una proyecci\u00f3n solidaria las hermanas, alumnos y profesores ponen esfuerzo \u00a0y entusiasmo para visitar a las familias carenciadas, preparar alimentos.<\/p>\n<p>Llevan adelante la construcci\u00f3n de una vivienda por a\u00f1o. Estas actividades propician en los alumnos el deseo de servir al pr\u00f3jimo haci\u00e9ndoles tomar conciencia que desde el carisma azul hay que dar respuestas evang\u00e9licas.<\/p>\n","protected":false},"excerpt":{"rendered":"<p>CIUDAD DEL ESTE \u201cCOLEGIO INMACULADA CONCEPCI\u00d3N\u201d Fecha de fundaci\u00f3n: a pedido del Obispo del Alto Paran\u00e1, Monse\u00f1or Agust\u00edn Van Aaken, las hermanas se establecieron en Ciudad del Este el 11 de enero de 1978, con el fin de cooperar en la acci\u00f3n evangelizadora de la Iglesia en la nueva poblaci\u00f3n. La primera comunidad estaba constituida<a href=\"https:\/\/cicparaguay.org\/cic\/ciudad-del-este\/\">[&#8230;]<\/a><\/p>\n","protected":false},"author":1,"featured_media":0,"parent":0,"menu_order":0,"comment_status":"closed","ping_status":"closed","template":"","meta":[],"wppr_data":{"cwp_meta_box_check":"No"},"_links":{"self":[{"href":"https:\/\/cicparaguay.org\/cic\/wp-json\/wp\/v2\/pages\/156"}],"collection":[{"href":"https:\/\/cicparaguay.org\/cic\/wp-json\/wp\/v2\/pages"}],"about":[{"href":"https:\/\/cicparaguay.org\/cic\/wp-json\/wp\/v2\/types\/page"}],"author":[{"embeddable":true,"href":"https:\/\/cicparaguay.org\/cic\/wp-json\/wp\/v2\/users\/1"}],"replies":[{"embeddable":true,"href":"https:\/\/cicparaguay.org\/cic\/wp-json\/wp\/v2\/comments?post=156"}],"version-history":[{"count":3,"href":"https:\/\/cicparaguay.org\/cic\/wp-json\/wp\/v2\/pages\/156\/revisions"}],"predecessor-version":[{"id":619,"href":"https:\/\/cicparaguay.org\/cic\/wp-json\/wp\/v2\/pages\/156\/revisions\/619"}],"wp:attachment":[{"href":"https:\/\/cicparaguay.org\/cic\/wp-json\/wp\/v2\/media?parent=156"}],"curies":[{"name":"wp","href":"https:\/\/api.w.org\/{rel}","templated":true}]}}