{"id":146,"date":"2016-11-22T11:04:42","date_gmt":"2016-11-22T11:04:42","guid":{"rendered":"http:\/\/cicparaguay.org\/cic\/?page_id=146"},"modified":"2016-11-22T11:04:42","modified_gmt":"2016-11-22T11:04:42","slug":"concepcion","status":"publish","type":"page","link":"https:\/\/cicparaguay.org\/cic\/concepcion\/","title":{"rendered":"Concepci\u00f3n"},"content":{"rendered":"<ul>\n<li>Educaci\u00f3n<\/li>\n<li>Casa Mujer<\/li>\n<li>Guarder\u00eda<\/li>\n<li>Residencia Universitaria<\/li>\n<li>Carmelito R\u00f3ga<\/li>\n<li>Pastorial Parroquial<\/li>\n<\/ul>\n","protected":false},"excerpt":{"rendered":"<p>Educaci\u00f3n Casa Mujer Guarder\u00eda Residencia Universitaria Carmelito R\u00f3ga Pastorial Parroquial<\/p>\n","protected":false},"author":1,"featured_media":0,"parent":0,"menu_order":0,"comment_status":"closed","ping_status":"closed","template":"","meta":[],"wppr_data":{"cwp_meta_box_check":"No"},"_links":{"self":[{"href":"https:\/\/cicparaguay.org\/cic\/wp-json\/wp\/v2\/pages\/146"}],"collection":[{"href":"https:\/\/cicparaguay.org\/cic\/wp-json\/wp\/v2\/pages"}],"about":[{"href":"https:\/\/cicparaguay.org\/cic\/wp-json\/wp\/v2\/types\/page"}],"author":[{"embeddable":true,"href":"https:\/\/cicparaguay.org\/cic\/wp-json\/wp\/v2\/users\/1"}],"replies":[{"embeddable":true,"href":"https:\/\/cicparaguay.org\/cic\/wp-json\/wp\/v2\/comments?post=146"}],"version-history":[{"count":1,"href":"https:\/\/cicparaguay.org\/cic\/wp-json\/wp\/v2\/pages\/146\/revisions"}],"predecessor-version":[{"id":147,"href":"https:\/\/cicparaguay.org\/cic\/wp-json\/wp\/v2\/pages\/146\/revisions\/147"}],"wp:attachment":[{"href":"https:\/\/cicparaguay.org\/cic\/wp-json\/wp\/v2\/media?parent=146"}],"curies":[{"name":"wp","href":"https:\/\/api.w.org\/{rel}","templated":true}]}}