{"id":144,"date":"2016-11-22T11:03:47","date_gmt":"2016-11-22T11:03:47","guid":{"rendered":"http:\/\/cicparaguay.org\/cic\/?page_id=144"},"modified":"2017-04-06T16:00:45","modified_gmt":"2017-04-06T16:00:45","slug":"caacupemi","status":"publish","type":"page","link":"https:\/\/cicparaguay.org\/cic\/caacupemi\/","title":{"rendered":"Caacupem\u00ed"},"content":{"rendered":"<ul>\n<li><strong>CASA DE RETIRO \u201cSAN JOS\u00c9\u201d AREGUA<\/strong>\n<p><strong>Fecha de fundaci\u00f3n<\/strong>: En el a\u00f1o 1991 Caacupem\u00cd se convierte en una casa de retiro y la pastoral tuvo una modalidad especial. Como ser formaci\u00f3n de catequistas de la parroquia, retiros y jornadas para movimientos, grupos de confirmando y personas que necesitar tener un momento de encuentro con el Se\u00f1or. Es as\u00ed como la casa \u00a0fue creciendo hasta el presente, ofreciendo a los que llegan \u00a0un espacio donde se puede experimentar el encuentro con Dios desde el silencio, la naturaleza y el compartir fraterno.<\/li>\n<li><img loading=\"lazy\" class=\"alignnone size-medium wp-image-371\" src=\"https:\/\/cicparaguay.org\/cic\/wp-content\/uploads\/2016\/11\/IMG-20170406-WA0010-300x288.jpg\" alt=\"\" width=\"300\" height=\"288\" srcset=\"https:\/\/cicparaguay.org\/cic\/wp-content\/uploads\/2016\/11\/IMG-20170406-WA0010-300x288.jpg 300w, https:\/\/cicparaguay.org\/cic\/wp-content\/uploads\/2016\/11\/IMG-20170406-WA0010-50x48.jpg 50w, https:\/\/cicparaguay.org\/cic\/wp-content\/uploads\/2016\/11\/IMG-20170406-WA0010.jpg 508w\" sizes=\"(max-width: 300px) 100vw, 300px\" \/><img loading=\"lazy\" class=\"alignnone size-medium wp-image-369\" src=\"https:\/\/cicparaguay.org\/cic\/wp-content\/uploads\/2016\/11\/WhatsApp-Image-2017-04-06-at-17.53.57-300x176.jpeg\" alt=\"\" width=\"300\" height=\"176\" srcset=\"https:\/\/cicparaguay.org\/cic\/wp-content\/uploads\/2016\/11\/WhatsApp-Image-2017-04-06-at-17.53.57-300x176.jpeg 300w, https:\/\/cicparaguay.org\/cic\/wp-content\/uploads\/2016\/11\/WhatsApp-Image-2017-04-06-at-17.53.57-50x29.jpeg 50w, https:\/\/cicparaguay.org\/cic\/wp-content\/uploads\/2016\/11\/WhatsApp-Image-2017-04-06-at-17.53.57.jpeg 644w\" sizes=\"(max-width: 300px) 100vw, 300px\" \/><\/li>\n<\/ul>\n","protected":false},"excerpt":{"rendered":"<p>CASA DE RETIRO \u201cSAN JOS\u00c9\u201d AREGUA Fecha de fundaci\u00f3n: En el a\u00f1o 1991 Caacupem\u00cd se convierte en una casa de retiro y la pastoral tuvo una modalidad especial. Como ser formaci\u00f3n de catequistas de la parroquia, retiros y jornadas para movimientos, grupos de confirmando y personas que necesitar tener un momento de encuentro con el<a href=\"https:\/\/cicparaguay.org\/cic\/caacupemi\/\">[&#8230;]<\/a><\/p>\n","protected":false},"author":1,"featured_media":0,"parent":0,"menu_order":0,"comment_status":"closed","ping_status":"closed","template":"","meta":[],"wppr_data":{"cwp_meta_box_check":"No"},"_links":{"self":[{"href":"https:\/\/cicparaguay.org\/cic\/wp-json\/wp\/v2\/pages\/144"}],"collection":[{"href":"https:\/\/cicparaguay.org\/cic\/wp-json\/wp\/v2\/pages"}],"about":[{"href":"https:\/\/cicparaguay.org\/cic\/wp-json\/wp\/v2\/types\/page"}],"author":[{"embeddable":true,"href":"https:\/\/cicparaguay.org\/cic\/wp-json\/wp\/v2\/users\/1"}],"replies":[{"embeddable":true,"href":"https:\/\/cicparaguay.org\/cic\/wp-json\/wp\/v2\/comments?post=144"}],"version-history":[{"count":3,"href":"https:\/\/cicparaguay.org\/cic\/wp-json\/wp\/v2\/pages\/144\/revisions"}],"predecessor-version":[{"id":372,"href":"https:\/\/cicparaguay.org\/cic\/wp-json\/wp\/v2\/pages\/144\/revisions\/372"}],"wp:attachment":[{"href":"https:\/\/cicparaguay.org\/cic\/wp-json\/wp\/v2\/media?parent=144"}],"curies":[{"name":"wp","href":"https:\/\/api.w.org\/{rel}","templated":true}]}}