{"id":142,"date":"2016-11-22T11:03:19","date_gmt":"2016-11-22T11:03:19","guid":{"rendered":"http:\/\/cicparaguay.org\/cic\/?page_id=142"},"modified":"2016-11-22T11:03:19","modified_gmt":"2016-11-22T11:03:19","slug":"venezuela-caracas","status":"publish","type":"page","link":"https:\/\/cicparaguay.org\/cic\/venezuela-caracas\/","title":{"rendered":"Venezuela &#8211; Caracas"},"content":{"rendered":"<ul>\n<li>Pastoral Parroquial<\/li>\n<li>Educaci\u00f3n<\/li>\n<li>Promoci\u00f3n Humana<\/li>\n<li>San F\u00e9lix: Pastoral de la Vicar\u00eda<\/li>\n<li>Centro de Capacitaci\u00f3n Inmaculada Concepci\u00f3n.<\/li>\n<\/ul>\n","protected":false},"excerpt":{"rendered":"<p>Pastoral Parroquial Educaci\u00f3n Promoci\u00f3n Humana San F\u00e9lix: Pastoral de la Vicar\u00eda Centro de Capacitaci\u00f3n Inmaculada Concepci\u00f3n.<\/p>\n","protected":false},"author":1,"featured_media":0,"parent":0,"menu_order":0,"comment_status":"closed","ping_status":"closed","template":"","meta":[],"wppr_data":{"cwp_meta_box_check":"No"},"_links":{"self":[{"href":"https:\/\/cicparaguay.org\/cic\/wp-json\/wp\/v2\/pages\/142"}],"collection":[{"href":"https:\/\/cicparaguay.org\/cic\/wp-json\/wp\/v2\/pages"}],"about":[{"href":"https:\/\/cicparaguay.org\/cic\/wp-json\/wp\/v2\/types\/page"}],"author":[{"embeddable":true,"href":"https:\/\/cicparaguay.org\/cic\/wp-json\/wp\/v2\/users\/1"}],"replies":[{"embeddable":true,"href":"https:\/\/cicparaguay.org\/cic\/wp-json\/wp\/v2\/comments?post=142"}],"version-history":[{"count":1,"href":"https:\/\/cicparaguay.org\/cic\/wp-json\/wp\/v2\/pages\/142\/revisions"}],"predecessor-version":[{"id":143,"href":"https:\/\/cicparaguay.org\/cic\/wp-json\/wp\/v2\/pages\/142\/revisions\/143"}],"wp:attachment":[{"href":"https:\/\/cicparaguay.org\/cic\/wp-json\/wp\/v2\/media?parent=142"}],"curies":[{"name":"wp","href":"https:\/\/api.w.org\/{rel}","templated":true}]}}